{"id":21928,"date":"2024-02-23T16:34:26","date_gmt":"2024-02-24T00:34:26","guid":{"rendered":"https:\/\/vistacriminallaw.com\/?page_id=21928"},"modified":"2025-04-08T14:09:10","modified_gmt":"2025-04-08T21:09:10","slug":"armas-delitos","status":"publish","type":"page","link":"https:\/\/staging-o.vistacriminallaw.com\/es\/armas-delitos\/","title":{"rendered":"Vista y San Diego Armas Delitos Abogado"},"content":{"rendered":"\n<figure class=\"wp-block-image size-full\"><img loading=\"lazy\" decoding=\"async\" width=\"2560\" height=\"566\" sizes=\"auto, (max-width: 2560px) 100vw, 2560px\" src=\"https:\/\/staging-o.vistacriminallaw.com\/wp-content\/uploads\/2022\/06\/VistaLaw_violentcrimes-NEW-scaled.jpg\" alt=\"Hombre con pistola y cinta policial\n\n\" class=\"wp-image-14830\" title=\"\" srcset=\"https:\/\/staging-o.vistacriminallaw.com\/wp-content\/uploads\/2022\/06\/VistaLaw_violentcrimes-NEW-scaled.jpg 2560w, https:\/\/staging-o.vistacriminallaw.com\/wp-content\/uploads\/2022\/06\/VistaLaw_violentcrimes-NEW-300x66.jpg 300w, https:\/\/staging-o.vistacriminallaw.com\/wp-content\/uploads\/2022\/06\/VistaLaw_violentcrimes-NEW-600x133.jpg 600w, https:\/\/staging-o.vistacriminallaw.com\/wp-content\/uploads\/2022\/06\/VistaLaw_violentcrimes-NEW-768x170.jpg 768w, https:\/\/staging-o.vistacriminallaw.com\/wp-content\/uploads\/2022\/06\/VistaLaw_violentcrimes-NEW-1536x340.jpg 1536w, https:\/\/staging-o.vistacriminallaw.com\/wp-content\/uploads\/2022\/06\/VistaLaw_violentcrimes-NEW-2048x453.jpg 2048w, https:\/\/staging-o.vistacriminallaw.com\/wp-content\/uploads\/2022\/06\/VistaLaw_violentcrimes-NEW-1200x265.jpg 1200w\" \/><\/figure>\n\n\n\n<h1 class=\"wp-block-heading\" id=\"h-vista-y-san-diego-armas-delitos-abogado\">Vista y <strong>San Diego Armas Delitos Abogado<\/strong><\/h1>\n\n\n\n<div class=\"wp-block-columns is-layout-flex wp-container-core-columns-is-layout-9d6595d7 wp-block-columns-is-layout-flex\">\n<div class=\"wp-block-column is-layout-flow wp-block-column-is-layout-flow\" style=\"flex-basis:70%\">\n<p>El estado de California tiene algunas de las <strong>leyes de armas mas estrictas del <\/strong>pais, <strong>prohibiendo la posesion de ciertas armas <\/strong>e incluso <strong>prohibiendo que algunas personas puedan poseer un arma que de otra manera seria legal<\/strong>. Cuando los delitos implican el uso de armas, el estado a\u00f1ade penas adicionales, a menudo muy duras, a los cargos penales. Si usted ha sido acusado de un delito relacionado con el uso o posesi\u00f3n de un arma, el abogado Peter M. Liss puede ayudarle. Llame hoy para una consulta gratis.<\/p>\n\n\n\n<div class=\"wp-block-group has-light-blue-background-color has-background\"><div class=\"wp-block-group__inner-container is-layout-flow wp-block-group-is-layout-flow\">\n<h2 class=\"wp-block-heading\" id=\"h-armas-ilegales-en-california\"><strong>Armas ilegales en California<\/strong><\/h2>\n\n\n\n<p>Existen muchas restricciones estatales espec\u00edficas que definen qu\u00e9 armas son ilegales en nuestro estado. Algunas de las <strong>armas ilegales m\u00e1s comunes <\/strong>utilizadas en San Diego incluyen:<\/p>\n\n\n\n<ul class=\"wp-block-list is-style-shield\">\n<li><strong>Nunchucks<\/strong><\/li>\n\n\n\n<li><strong>Lanzar estrellas<\/strong><\/li>\n\n\n\n<li><a href=\"https:\/\/staging-o.vistacriminallaw.com\/knife-laws-california\/\"><strong>Cuchillos ocultos<\/strong><\/a><\/li>\n\n\n\n<li><strong>Cuchillos con resorte, como <a href=\"https:\/\/staging-o.vistacriminallaw.com\/switchblades-illegal-california\/\">navajas de muelle<\/a><\/strong><\/li>\n\n\n\n<li><strong>Envases de <a href=\"https:\/\/staging-o.vistacriminallaw.com\/pepper-spray-laws\/\">spray de pimienta<\/a> de m\u00e1s de 2,5 onzas<\/strong><\/li>\n<\/ul>\n\n\n<div class=\"wp-block-image is-resized\">\n<figure class=\"alignright\"><img loading=\"lazy\" decoding=\"async\" width=\"394\" height=\"500\" sizes=\"auto, (max-width: 501px) 100vw, 501px\" src=\"https:\/\/staging-o.vistacriminallaw.com\/wp-content\/uploads\/2021\/03\/cropped-394x500.jpg\" alt=\"Zonas libre de armas\n\" class=\"wp-image-10245\" style=\"width:218px;height:auto\" title=\"\" srcset=\"https:\/\/staging-o.vistacriminallaw.com\/wp-content\/uploads\/2021\/03\/cropped-394x500.jpg 394w, https:\/\/staging-o.vistacriminallaw.com\/wp-content\/uploads\/2021\/03\/cropped-236x300.jpg 236w, https:\/\/staging-o.vistacriminallaw.com\/wp-content\/uploads\/2021\/03\/cropped.jpg 501w\" \/><\/figure>\n<\/div>\n\n\n<h3 class=\"wp-block-heading\" id=\"h-zonas-libres-de-armas\"><strong>Zonas libres de armas<\/strong><\/h3>\n\n\n\n<p>Incluso un arma que normalmente es legal, como una <a href=\"https:\/\/staging-o.vistacriminallaw.com\/stun-gun-laws-in-california\/\">pistola el\u00e9ctrica<\/a>, puede ser <strong>ilegal traerlas a ciertas \u00e1reas<\/strong> como escuelas, edificios gubernamentales y aeropuertos. Debido a que los cargos por armas son tan complejos en nuestro estado, desafortunadamente es com\u00fan que las personas sean arrestadas por un crimen cuando no sab\u00edan que estaban haciendo nada malo. Si usted <strong>tiene alguna pregunta <\/strong>acerca de si puede o no poseer un arma espec\u00edfica o tenerla en posecion en un lugar particular del Condado de San Diego, hable con un abogado de delitos de armas en lugar de posiblemente violar la ley.<\/p>\n<\/div><\/div>\n\n\n\n<div style=\"height:1px\" aria-hidden=\"true\" class=\"wp-block-spacer\"><\/div>\n\n\n\n<div class=\"wp-block-group has-green-background-color has-background\"><div class=\"wp-block-group__inner-container is-layout-flow wp-block-group-is-layout-flow\">\n<h2 class=\"wp-block-heading\" id=\"h-cargos-por-armas-de-fuego-en-california\"><strong>Cargos por armas de fuego en California<\/strong><\/h2>\n\n\n\n<p>Mientras que a la <strong>mayor\u00eda de los adultos mayores de 21 a\u00f1os se les permite poseer pistolas, rifles y escopetas <\/strong>en California, las normas que implican qui\u00e9n puede tener armas y qu\u00e9 tipos de armas de fuego est\u00e1n prohibidas son <strong>notoriamente complejas<\/strong>. Estas leyes son tan complejas que ponerse en contacto con un abogado de defensa criminal de San Diego es siempre aconsejable si tiene cualquier&nbsp; pregunta. Por ejemplo, mientras que es ilegal comprar nuevas <strong>ametralladoras, armas de asalto, balas perforantes y grandes dispositivos de alimentaci\u00f3n de munici\u00f3n<\/strong>, hay excepciones si el propietario ten\u00eda estos art\u00edculos antes de la aprobaci\u00f3n de las leyes actuales. Del mismo modo, aunque es <a href=\"https:\/\/staging-o.vistacriminallaw.com\/ghost-gun-laws\/\"><strong>legal construir su propia pistola<\/strong><\/a>, incluso con una impresora 3D, debe <strong>obtener un n\u00famero de serie <\/strong>y aplicarlo al arma en un plazo de 10 d\u00edas.<\/p>\n\n\n\n<p>Independientemente del tipo, <strong>todo aquel que <\/strong><a href=\"https:\/\/staging-o.vistacriminallaw.com\/california-gun-storage-laws\/\"><strong>posea armas de fuego debe guardarlas en un<\/strong> <strong>lugar seguro<\/strong><\/a> donde un menor no pueda acceder al arma sin permiso paterno.<\/p>\n\n\n\n<h3 class=\"wp-block-heading bullet-square\" id=\"h-transporte-de-armas-de-fuego-en-california\"><strong>Transporte de armas de fuego en California<\/strong><\/h3>\n\n\n\n<p>Vale la pena mencionar que mientras que <strong>llevar armas abiertas es siempre ilegal <\/strong>en California, <strong>llevar un arma oculta es tambi\u00e9n un delito <\/strong>a menos que tenga un permiso de portaci\u00f3n oculta. En cuanto a <em>c\u00f3mo<\/em> transportar armas sin llevarlas abiertas u ocultas, el proceso es un poco complicado y requiere encerrar el arma descargada en un contenedor cerrado o en el maletero de su veh\u00edculo.<\/p>\n\n\n\n<h3 class=\"wp-block-heading bullet-square\" id=\"h-posesion-de-armas-por-menores\"><strong>Posesi\u00f3n de armas por menores<\/strong><\/h3>\n\n\n\n<p>Quiz\u00e1s algunas de las \u00e1reas m\u00e1s confusas de las restricciones estatales sobre armas son las que se refieren a los menores. <strong>Los menores de 18 a\u00f1os no pueden poseer una pistola <\/strong>o cualquier otra arma de fuego oculta en su persona a menos que cuenten con el permiso de sus padres <em>y <\/em>el menor vaya a utilizar el arma con fines deportivos, agr\u00edcolas, teatrales o similares. La <strong>posesi\u00f3n de rifles y escopetas es legal para personas de todas las edades<\/strong>, siempre que el arma no est\u00e9 oculta.<\/p>\n\n\n<div class=\"wp-block-image\">\n<figure class=\"aligncenter\"><img loading=\"lazy\" decoding=\"async\" width=\"600\" height=\"392\" sizes=\"auto, (max-width: 1565px) 100vw, 1565px\" src=\"https:\/\/staging-o.vistacriminallaw.com\/wp-content\/uploads\/2019\/01\/shutterstock_1448813111-600x392.jpg\" alt=\"Un arma con municiones\n\" class=\"wp-image-9072\" title=\"\" srcset=\"https:\/\/staging-o.vistacriminallaw.com\/wp-content\/uploads\/2019\/01\/shutterstock_1448813111-600x392.jpg 600w, https:\/\/staging-o.vistacriminallaw.com\/wp-content\/uploads\/2019\/01\/shutterstock_1448813111-300x196.jpg 300w, https:\/\/staging-o.vistacriminallaw.com\/wp-content\/uploads\/2019\/01\/shutterstock_1448813111-768x502.jpg 768w, https:\/\/staging-o.vistacriminallaw.com\/wp-content\/uploads\/2019\/01\/shutterstock_1448813111-1536x1005.jpg 1536w, https:\/\/staging-o.vistacriminallaw.com\/wp-content\/uploads\/2019\/01\/shutterstock_1448813111-2048x1340.jpg 2048w, https:\/\/staging-o.vistacriminallaw.com\/wp-content\/uploads\/2019\/01\/shutterstock_1448813111-scaled.jpg 1565w\" \/><\/figure>\n<\/div>\n\n\n<p><strong>La ley tambi\u00e9n proh\u00edbe a los menores de 18 a\u00f1os comprar cualquier tipo de arma o munici\u00f3n.<\/strong> Los menores de 21 a\u00f1os pueden comprar la mayor\u00eda de los rifles y escopetas (aunque no rifles semiautom\u00e1ticos), pero no pueden comprar pistolas de un vendedor de armas de fuego. Hay excepciones para la venta legal de armas cortas a quienes tengan una licencia de caza v\u00e1lida o sean miembros de las fuerzas armadas. Del mismo modo, los padres y familiares directos <em>pueden <\/em>vender o transferir legalmente armas de fuego a los mayores de 18 a\u00f1os.<\/p>\n\n\n\n<p>Debido a que es f\u00e1cil entrar en conflicto con estas leyes, ponerse en contacto con un abogado de delitos de armas de fuego en San Diego es aconsejable si usted tiene alguna pregunta acerca de la posesi\u00f3n de armas, compra, almacenamiento, y las leyes que rodean el uso de armas de fuego por menores de edad.<\/p>\n\n\n\n<h3 class=\"wp-block-heading bullet-square\" id=\"h-perdida-de-los-derechos-de-la-segunda-enmienda\"><strong>P\u00e9rdida de los derechos de la Segunda Enmienda<\/strong><\/h3>\n\n\n<div class=\"wp-block-image is-resized\">\n<figure class=\"alignleft\"><img loading=\"lazy\" decoding=\"async\" width=\"600\" height=\"400\" sizes=\"auto, (max-width: 1536px) 100vw, 1536px\" src=\"https:\/\/staging-o.vistacriminallaw.com\/wp-content\/uploads\/2021\/03\/handgun-and-constitution-26419485-600x400.jpg\" alt=\"Un arma y la constituci\u00f3n de los Estados Unidos\n\" class=\"wp-image-10261\" style=\"width:347px;height:auto\" title=\"\" srcset=\"https:\/\/staging-o.vistacriminallaw.com\/wp-content\/uploads\/2021\/03\/handgun-and-constitution-26419485-600x400.jpg 600w, https:\/\/staging-o.vistacriminallaw.com\/wp-content\/uploads\/2021\/03\/handgun-and-constitution-26419485-300x200.jpg 300w, https:\/\/staging-o.vistacriminallaw.com\/wp-content\/uploads\/2021\/03\/handgun-and-constitution-26419485-768x512.jpg 768w, https:\/\/staging-o.vistacriminallaw.com\/wp-content\/uploads\/2021\/03\/handgun-and-constitution-26419485.jpg 1536w, https:\/\/staging-o.vistacriminallaw.com\/wp-content\/uploads\/2021\/03\/handgun-and-constitution-26419485-2048x1365.jpg 2048w\" \/><\/figure>\n<\/div>\n\n\n<p><strong>Algunas personas pueden perder su derecho a portar armas de fuego <\/strong>si tienen condenas espec\u00edficas en sus antecedentes penales. Todas las <a href=\"https:\/\/staging-o.vistacriminallaw.com\/what-rights-do-felons-lose\/\">condenas por delitos graves dar\u00e1n lugar a esta prohibici\u00f3n de<\/a> armas, pero los delitos menores violentos, incluidos <a href=\"https:\/\/staging-o.vistacriminallaw.com\/fighting-gang-crime-charges-in-san-diego\/\">los delitos de pandillas<\/a>, <a href=\"https:\/\/staging-o.vistacriminallaw.com\/es\/abogado-de-violencia-domestica\/\">la violencia dom\u00e9stica<\/a> o los <a href=\"https:\/\/staging-o.vistacriminallaw.com\/fighting-hate-crime-accusations-in-california\/\">delitos de odio<\/a> tambi\u00e9n dan lugar a prohibiciones de armas de fuego. Si usted es militar, esto podr\u00eda significar el<a href=\"https:\/\/staging-o.vistacriminallaw.com\/military-domestic-violence\/\"><strong> fin a su carrera en el servicio<\/strong><\/a> (incluso si no es licenciado) ya que los miembros del servicio a menudo tienen que ser capaces de manejar armas de fuego.<\/p>\n\n\n\n<p>Cualquiera que se enfrente a cargos de posesi\u00f3n ilegal de armas <strong>debido a una condena penal <\/strong>debe ponerse en contacto inmediatamente con un abogado de San Diego especializado en delitos graves con armas de fuego. Trate de no decirle nada a la polic\u00eda sin que su abogado est\u00e9 presente porque es muy f\u00e1cil decir accidentalmente algo que pueda perjudicar su caso al tratar de defenderse contra estas acusaciones.<\/p>\n\n\n\n<h3 class=\"wp-block-heading bullet-square\" id=\"h-prohibiciones-temporales-de-armas-de-fuego\"><strong>Prohibiciones temporales de armas de fuego<\/strong><\/h3>\n\n\n\n<p>Los miembros de la familia, compa\u00f1eros de trabajo, maestros, funcionarios escolares, empleadores y otras partes interesadas que creen que alguien puede representar un riesgo para s\u00ed mismos o para otros pueden solicitar a un juez que <strong><a href=\"https:\/\/staging-o.vistacriminallaw.com\/restraining-orders-in-vista-california\/\">proh\u00edba temporalmente a alguien de poseer un arma de fuego<\/a><\/strong> bajo las <strong>leyes de bandera roja del <\/strong>estado. Un abogado de San Diego especializado en delitos con armas de fuego puede ayudar a detener este proceso.<\/p>\n\n\n\n<p>Por \u00faltimo, cabe a\u00f1adir que las personas que actualmente sufren una <strong>adicci\u00f3n a los narc\u00f3ticos no pueden poseer un arma de fuego<\/strong>, aunque pueden recuperar la posesi\u00f3n del arma si superan su adicci\u00f3n.<\/p>\n<\/div><\/div>\n\n\n\n<div style=\"height:1px\" aria-hidden=\"true\" class=\"wp-block-spacer\"><\/div>\n\n\n\n<div class=\"wp-block-group has-light-blue-background-color has-background\"><div class=\"wp-block-group__inner-container is-layout-flow wp-block-group-is-layout-flow\"><div class=\"wp-block-image is-resized\">\n<figure class=\"alignright\"><img loading=\"lazy\" decoding=\"async\" width=\"333\" height=\"500\" sizes=\"auto, (max-width: 532px) 100vw, 532px\" src=\"https:\/\/staging-o.vistacriminallaw.com\/wp-content\/uploads\/2021\/03\/pocket-knife-and-pistol-weapons-on-a-black-background-143454105-333x500.jpg\" alt=\"Una pistola y un cuchillo\n\" class=\"wp-image-10252\" style=\"width:256px;height:auto\" title=\"\" srcset=\"https:\/\/staging-o.vistacriminallaw.com\/wp-content\/uploads\/2021\/03\/pocket-knife-and-pistol-weapons-on-a-black-background-143454105-333x500.jpg 333w, https:\/\/staging-o.vistacriminallaw.com\/wp-content\/uploads\/2021\/03\/pocket-knife-and-pistol-weapons-on-a-black-background-143454105-200x300.jpg 200w, https:\/\/staging-o.vistacriminallaw.com\/wp-content\/uploads\/2021\/03\/pocket-knife-and-pistol-weapons-on-a-black-background-143454105.jpg 532w\" \/><\/figure>\n<\/div>\n\n\n<p><strong>Las penas por posesion criminal de un arma <\/strong>en California varian dramaticamente dependiendo del tipo de arma y de la ley que los fiscales le acusan de violar. La mayor\u00eda de los cargos por posesi\u00f3n de armas se <strong>castigan con penas de c\u00e1rcel o prisi\u00f3n, libertad condicional y multas<\/strong>. Tambi\u00e9n <strong>se le puede prohibir la posesi\u00f3n de ciertas armas en el futuro<\/strong>.<\/p>\n\n\n\n<h3 class=\"wp-block-heading bullet-square\" id=\"h-aumentos-de-condena-relacionados-con-las-armas\"><strong>Aumentos de condena relacionados con las armas<\/strong><\/h3>\n\n\n\n<p><strong>El uso de un arma <em>al <\/em>cometer un delito con frecuencia resulta en penas mayores <\/strong>en California. Por ejemplo, mientras que <a href=\"https:\/\/staging-o.vistacriminallaw.com\/the-difference-between-assault-battery\/\">los cargos de asalto simple<\/a> se castigan normalmente con hasta seis meses de c\u00e1rcel, los cargos de asalto con un arma mortal pueden conllevar una sentencia de hasta cuatro a\u00f1os de prisi\u00f3n y a\u00f1adir una infracci\u00f3n a su expediente bajo <a href=\"https:\/\/staging-o.vistacriminallaw.com\/es\/tres-infracciones\/\">la regla de los tres strikes de<\/a> California.<\/p>\n\n\n\n<p>Tambi\u00e9n es <strong>delito <\/strong><a href=\"https:\/\/staging-o.vistacriminallaw.com\/11370-1-hs\/\"><strong>llevar un arma mientras se poseen ciertas drogas<\/strong><\/a>, como coca\u00edna, hero\u00edna, PCP, metanfetamina y drogas similares. Hacerlo es un delito grave que puede conllevar hasta cuatro a\u00f1os de prisi\u00f3n.<\/p>\n\n\n\n<div class=\"wp-block-group\"><div class=\"wp-block-group__inner-container is-layout-flow wp-block-group-is-layout-flow\">\n<h3 class=\"wp-block-heading bullet-square\" id=\"h-posesion-de-armas-y-la-regla-de-las-10-20-vidas\"><strong>Posesi\u00f3n de armas y la regla de las 10-20 vidas<\/strong><\/h3>\n\n\n\n<p>Seg\u00fan la <a href=\"https:\/\/staging-o.vistacriminallaw.com\/10-20-life\/\"><strong>norma 10-20-Vida de California<\/strong><\/a>, llevar un arma mientras se cometen determinados delitos violentos y sexuales puede a\u00f1adir <strong>10 a\u00f1os <\/strong>a la condena. <strong>Si dispar\u00f3 el arma, <\/strong>pueden a\u00f1adirse 20 a\u00f1os y, si alguien result\u00f3 gravemente herido o muerto, <strong>podr\u00eda enfrentarse a una cadena perpetua<\/strong>.<\/p>\n<\/div><\/div>\n<\/div><\/div>\n<\/div>\n\n\n\n<div class=\"wp-block-column has-white-background-color has-background is-layout-flow wp-block-column-is-layout-flow\" style=\"flex-basis:27%\">\n<div class=\"wp-block-group sidebar-blue-border has-white-background-color has-background\"><div class=\"wp-block-group__inner-container is-layout-flow wp-block-group-is-layout-flow\">\n<h2 class=\"wp-block-heading\" id=\"h-delitos-con-armas-de-fuego-nbsp\"><strong>Delitos con armas de fuego&nbsp;<\/strong><\/h2>\n\n\n\n<h3 class=\"wp-block-heading\" id=\"h-y-otros-cargos-por-armas\"><strong>y otros cargos por armas<\/strong><\/h3>\n\n\n\n<p>Hay muchas <strong>ofensas diferentes de armas y armas de fuego <\/strong>de las que usted puede ser acusado en California. Aparte de los enumerados en esta p\u00e1gina, <strong>tambi\u00e9n puede ser arrestado y condenado <\/strong>por cualquiera de los siguientes:<\/p>\n\n\n\n<ul class=\"wp-block-list is-style-square\">\n<li><a href=\"https:\/\/staging-o.vistacriminallaw.com\/aggravated-assault\/\"><strong>Agresi\u00f3n con arma mortal<\/strong><\/a><\/li>\n\n\n\n<li><a href=\"https:\/\/staging-o.vistacriminallaw.com\/negligent-discharge-of-a-firearm\/\"><strong>Descarga negligente de un arma de fuego<\/strong><\/a><\/li>\n\n\n\n<li><a href=\"https:\/\/staging-o.vistacriminallaw.com\/illegal-firearm-possession\/\"><strong>Arma de fuego no registrada en Posesi\u00f3n<\/strong><\/a><\/li>\n\n\n\n<li><a href=\"https:\/\/staging-o.vistacriminallaw.com\/246-247-pc-shooting-dwelling-vehicle\/\"><strong>Disparar contra una vivienda o un veh\u00edculo<\/strong><\/a><\/li>\n\n\n\n<li><strong><a href=\"https:\/\/staging-o.vistacriminallaw.com\/weapon-possession-in-prison\/\"><strong>Poseer armas en prisi\u00f3n<\/strong><\/a><\/strong><\/li>\n<\/ul>\n\n\n\n<h3 class=\"wp-block-heading\" id=\"h-lucha-contra-los-delitos-relacionados-con-las-armas\"><strong>Lucha contra los delitos relacionados con las armas<\/strong><\/h3>\n\n\n\n<p>Ya que los cargos de armas son tan complejos, es fundamental que usted <strong>no hable con la polic\u00eda <\/strong>sin su abogado de armas de Vista presente. De lo contrario, pudiera terminar accidentalmente ofreciendo una confesi\u00f3n en vez de una defensa a su caso. Afortunadamente, hay muchas <strong>defensas fuertes contra estos delitos<\/strong>, tales como:<\/p>\n\n\n\n<ul class=\"wp-block-list is-style-square\">\n<li><a href=\"https:\/\/staging-o.vistacriminallaw.com\/california-search-seizure\/\"><strong>registro e incautaci\u00f3n<\/strong><\/a><strong> indebidos por <\/strong>parte de la polic\u00eda<\/li>\n\n\n\n<li>poseer una <strong>colecci\u00f3n autorizada de armas hist\u00f3ricas<\/strong><\/li>\n\n\n\n<li>tener un arma que se le <strong>permite poseer legalmente como profesor de artes marciales<\/strong><\/li>\n\n\n\n<li>poseer el arma para <strong>hacer una obra de teatro o pel\u00edcula<\/strong><\/li>\n<\/ul>\n\n\n\n<a href=\"https:\/\/staging-o.vistacriminallaw.com\/es\/pongase-en-contacto\/\" class=\"widget-button\">Estoy disponible, hablemos<\/a>\n<\/div><\/div>\n\n\n\n<div style=\"height:1px\" aria-hidden=\"true\" class=\"wp-block-spacer\"><\/div>\n\n\n\n<div class=\"wp-block-group sidebar-blue-border has-white-background-color has-background\"><div class=\"wp-block-group__inner-container is-layout-flow wp-block-group-is-layout-flow\">\n<h2 class=\"wp-block-heading\" id=\"h-llame-ahora-a-mis-oficinas\"><strong>Llame ahora a mis oficinas<\/strong><\/h2>\n\n\n\n<h3 class=\"wp-block-heading\" id=\"h-para-una-consulta-gratuita\"><strong>Para una consulta gratuita<\/strong><\/h3>\n\n\n\n<figure class=\"wp-block-image size-large\"><img loading=\"lazy\" decoding=\"async\" width=\"600\" height=\"397\" sizes=\"auto, (max-width: 600px) 100vw, 600px\" src=\"https:\/\/staging-o.vistacriminallaw.com\/wp-content\/uploads\/2022\/03\/smart-phone-53186080-600x397.jpg\" alt=\"Un celular\n\" class=\"wp-image-13356\" title=\"\" srcset=\"https:\/\/staging-o.vistacriminallaw.com\/wp-content\/uploads\/2022\/03\/smart-phone-53186080-600x397.jpg 600w, https:\/\/staging-o.vistacriminallaw.com\/wp-content\/uploads\/2022\/03\/smart-phone-53186080-300x199.jpg 300w, https:\/\/staging-o.vistacriminallaw.com\/wp-content\/uploads\/2022\/03\/smart-phone-53186080-768x509.jpg 768w, https:\/\/staging-o.vistacriminallaw.com\/wp-content\/uploads\/2022\/03\/smart-phone-53186080-1536x1018.jpg 1536w, https:\/\/staging-o.vistacriminallaw.com\/wp-content\/uploads\/2022\/03\/smart-phone-53186080-2048x1357.jpg 1545w, https:\/\/staging-o.vistacriminallaw.com\/wp-content\/uploads\/2022\/03\/smart-phone-53186080-1200x795.jpg 1200w, https:\/\/staging-o.vistacriminallaw.com\/wp-content\/uploads\/2022\/03\/smart-phone-53186080.jpg 1546w\" \/><\/figure>\n\n\n\n<p>Si usted o un ser querido ha sido <strong>acusado de infringir una ley de armas en el Condado de San Diego<\/strong>, por favor contacte a un <a href=\"https:\/\/staging-o.vistacriminallaw.com\/es\/san-diego-abogado-de-delitos-violentos\/\">abogado con experiencia en defensa de delitos violentos<\/a> como Peter M. Liss. Llame al (760) 643-4050 para <strong>programar una consulta gratuita <\/strong>en la oficina de Vista, situada justo enfrente de la c\u00e1rcel y el juzgado del norte del condado de San Diego o en la oficina m\u00e1s c\u00e9ntrica de San Diego, justo al lado de la I-5.<\/p>\n\n\n\n<h3 class=\"wp-block-heading\" id=\"h-puedo-ayudarle\"><strong>Puedo ayudarle<\/strong><\/h3>\n\n\n\n<p>Tengo <strong>m\u00e1s de 40 a\u00f1os de experiencia <\/strong>ayudando a clientes como usted. Todos mis clientes reciben <strong>representaci\u00f3n de alta calidad a precios asequibles<\/strong>, y <strong>acepto las principales tarjetas de cr\u00e9dito<\/strong>.<\/p>\n\n\n\n<p>Desde el primer punto de contacto hasta el \u00faltimo, estar\u00e9 ah\u00ed para ayudar a defenderlo. Lo <strong>pondr\u00e9 al d\u00eda sobre el estado de su caso y lo aconsejar\u00e9 sobre el mejor curso de acci\u00f3n. <\/strong>Siempre que me llame, le <strong>devolver\u00e9 las llamadas r\u00e1pidamente<\/strong>.<\/p>\n\n\n\n<p>Si es encarcelado,luchare por<strong> que se reduzca su fianza <\/strong>o que lo pongan en libertad. Si la polic\u00eda descubri\u00f3 el arma despu\u00e9s de un <strong>registro ilegal<\/strong>, presionar\u00e9 para que se <strong>supriman <\/strong>las <strong>pruebas, <\/strong>lo que incluso podr\u00eda resultar en el retiro de los cargos.<\/p>\n<\/div><\/div>\n<\/div>\n<\/div>\n\n\n<div id=\"yellow-box-block_12b79721503d97c4a080da3805062e2c\" class=\"yellow-box call-to-action\"><h4><b>C\u00f3mo contactar al abogado defensor de Vista, Peter Liss<\/b><\/h4>\n<p>Para ayuda h\u00e1bil e INMEDIATA con una defensa de delitos violentos, por favor llame a mi oficina de abogados:<span class=\"phonecenter\">\u00a0<\/span><\/p>\n<div class=\"phone-holder\"><span class=\"phonecenter\"><strong><a href=\"tel:+17606434050\">(760) 643-4050<\/a><\/strong><\/span>o<span class=\"phonecenter\"><strong><a href=\"tel:+18584863024\">(858) 486-3024<\/a><\/strong><\/span><\/div><p><strong>Llame 24 horas al d\u00eda, 7 d\u00edas a la semana. Yo le puedo ayudar.<\/strong><\/p>\n<p><strong>\u00a0<\/strong><\/p>\n<\/div>\n\n\n<p><\/p>\n","protected":false},"excerpt":{"rendered":"<p>Vista y San Diego Armas Delitos Abogado El estado de California tiene algunas de las leyes de armas mas estrictas del pais, prohibiendo la posesion de ciertas armas e incluso prohibiendo que algunas personas puedan poseer un arma que de otra manera seria legal. Cuando los delitos implican el uso de armas, el estado a\u00f1ade [&hellip;]<\/p>\n","protected":false},"author":5,"featured_media":0,"parent":0,"menu_order":0,"comment_status":"closed","ping_status":"closed","template":"","meta":{"_acf_changed":false,"_genesis_hide_title":false,"_genesis_hide_breadcrumbs":false,"_genesis_hide_singular_image":false,"_genesis_hide_footer_widgets":false,"_genesis_custom_body_class":"","_genesis_custom_post_class":"","_genesis_layout":"full-width-content","_mbp_gutenberg_autopost":false,"footnotes":""},"class_list":{"0":"post-21928","1":"page","2":"type-page","3":"status-publish","5":"entry"},"acf":[],"_links":{"self":[{"href":"https:\/\/staging-o.vistacriminallaw.com\/es\/wp-json\/wp\/v2\/pages\/21928","targetHints":{"allow":["GET"]}}],"collection":[{"href":"https:\/\/staging-o.vistacriminallaw.com\/es\/wp-json\/wp\/v2\/pages"}],"about":[{"href":"https:\/\/staging-o.vistacriminallaw.com\/es\/wp-json\/wp\/v2\/types\/page"}],"author":[{"embeddable":true,"href":"https:\/\/staging-o.vistacriminallaw.com\/es\/wp-json\/wp\/v2\/users\/5"}],"replies":[{"embeddable":true,"href":"https:\/\/staging-o.vistacriminallaw.com\/es\/wp-json\/wp\/v2\/comments?post=21928"}],"version-history":[{"count":69,"href":"https:\/\/staging-o.vistacriminallaw.com\/es\/wp-json\/wp\/v2\/pages\/21928\/revisions"}],"predecessor-version":[{"id":30937,"href":"https:\/\/staging-o.vistacriminallaw.com\/es\/wp-json\/wp\/v2\/pages\/21928\/revisions\/30937"}],"wp:attachment":[{"href":"https:\/\/staging-o.vistacriminallaw.com\/es\/wp-json\/wp\/v2\/media?parent=21928"}],"curies":[{"name":"wp","href":"https:\/\/api.w.org\/{rel}","templated":true}]}}