{"id":21764,"date":"2024-02-20T18:41:45","date_gmt":"2024-02-21T02:41:45","guid":{"rendered":"https:\/\/vistacriminallaw.com\/?page_id=21764"},"modified":"2024-12-02T17:41:37","modified_gmt":"2024-12-03T01:41:37","slug":"conduccion-imprudente","status":"publish","type":"page","link":"https:\/\/staging-o.vistacriminallaw.com\/es\/conduccion-imprudente\/","title":{"rendered":"San Diego Abogado de conducci\u00f3n Imprudente\u00a0"},"content":{"rendered":"\n<figure class=\"wp-block-image size-full\"><img loading=\"lazy\" decoding=\"async\" width=\"2280\" height=\"380\" sizes=\"auto, (max-width: 2280px) 100vw, 2280px\" src=\"https:\/\/staging-o.vistacriminallaw.com\/wp-content\/uploads\/2022\/06\/shorter_0002_VistaLaw_traffic-1@2x.jpg\" alt=\"Collage que ilustra la conducci\u00f3n imprudente\n\" class=\"wp-image-14791\" title=\"\" srcset=\"https:\/\/staging-o.vistacriminallaw.com\/wp-content\/uploads\/2022\/06\/shorter_0002_VistaLaw_traffic-1@2x.jpg 2280w, https:\/\/staging-o.vistacriminallaw.com\/wp-content\/uploads\/2022\/06\/shorter_0002_VistaLaw_traffic-1@2x-300x50.jpg 300w, https:\/\/staging-o.vistacriminallaw.com\/wp-content\/uploads\/2022\/06\/shorter_0002_VistaLaw_traffic-1@2x-600x100.jpg 600w, https:\/\/staging-o.vistacriminallaw.com\/wp-content\/uploads\/2022\/06\/shorter_0002_VistaLaw_traffic-1@2x-768x128.jpg 768w, https:\/\/staging-o.vistacriminallaw.com\/wp-content\/uploads\/2022\/06\/shorter_0002_VistaLaw_traffic-1@2x-1536x256.jpg 1536w, https:\/\/staging-o.vistacriminallaw.com\/wp-content\/uploads\/2022\/06\/shorter_0002_VistaLaw_traffic-1@2x-2048x341.jpg 2048w, https:\/\/staging-o.vistacriminallaw.com\/wp-content\/uploads\/2022\/06\/shorter_0002_VistaLaw_traffic-1@2x-1200x200.jpg 1200w\" \/><\/figure>\n\n\n\n<h1 class=\"wp-block-heading\" id=\"h-san-diego-abogado-de-conduccion-imprudente-nbsp\"><strong>San Diego Abogado de Conducci\u00f3n Imprudente&nbsp;<\/strong><\/h1>\n\n\n\n<div class=\"wp-block-columns is-layout-flex wp-container-core-columns-is-layout-9d6595d7 wp-block-columns-is-layout-flex\">\n<div class=\"wp-block-column is-layout-flow wp-block-column-is-layout-flow\" style=\"flex-basis:70%\">\n<p>Si usted ha sido <strong>arrestado por conducci\u00f3n peligrosa, negligente o imprudente bajo el C\u00f3digo de Veh\u00edculos de California Secci\u00f3n 23103 (VC), yo puedo ayudarle. <\/strong>Soy el <strong>abogado <\/strong>Peter M. Liss y me dedico a casos de conducci\u00f3n imprudente en Vista y <strong>San Diego. <\/strong>. He llevado a cabo m\u00e1s de <strong>100 juicios penales antes jurados <\/strong>y he <strong>defendido con \u00e9xito a muchos arrestados <\/strong>y acusados de <strong>delitos penales de tr\u00e1fico<\/strong>, los cuales incluyen la conducci\u00f3n temeraria <strong>con resultado de lesiones<\/strong>.<\/p>\n\n\n\n<p>Si necesita un abogado defensor experto en conducci\u00f3n temeraria con un historial de \u00e9xito, por favor <strong>llame al <\/strong><a href=\"tel:+17606434050\"><strong>(760) 643-4050<\/strong><\/a><strong> para una consulta gratuita. <\/strong>Usted recibir\u00e1 <strong>representaci\u00f3n de alta calidad por una tarifa razonable.<\/strong><\/p>\n\n\n\n<div class=\"wp-block-group has-light-blue-background-color has-background\"><div class=\"wp-block-group__inner-container is-layout-flow wp-block-group-is-layout-flow\">\n<h2 class=\"wp-block-heading\" id=\"h-cargos-por-conduccion-imprudente-en-san-diego-23103-vc\"><strong>Cargos por conducci\u00f3n imprudente en San Diego: 23103 (VC)<\/strong><\/strong><\/h2>\n\n\n\n<p>Los cargos por conducci\u00f3n temeraria pueden ser incre\u00edblemente intimidantes, especialmente teniendo en cuenta que <strong>la mayor\u00eda de las personas acusadas de este grave delito nunca han sido arrestadas antes<\/strong>. Afortunadamente, hay ayuda y <strong>usted puede luchar contra estos cargos <\/strong>y evitar una condena, pero s\u00f3lo con la ayuda de un abogado experto en defensa de conducci\u00f3n temeraria.<\/p>\n\n\n<div class=\"wp-block-image is-resized\">\n<figure class=\"aligncenter size-full\"><img loading=\"lazy\" decoding=\"async\" width=\"1536\" height=\"959\" sizes=\"auto, (max-width: 1536px) 100vw, 1536px\" src=\"https:\/\/staging-o.vistacriminallaw.com\/wp-content\/uploads\/2022\/08\/wheel-spinning-9613346-edited.jpg\" alt=\"Veh\u00edculo con neum\u00e1ticos humeantes\n\" class=\"wp-image-15574\" title=\"\" srcset=\"https:\/\/staging-o.vistacriminallaw.com\/wp-content\/uploads\/2022\/08\/wheel-spinning-9613346-edited.jpg 1536w, https:\/\/staging-o.vistacriminallaw.com\/wp-content\/uploads\/2022\/08\/wheel-spinning-9613346-edited-300x187.jpg 300w, https:\/\/staging-o.vistacriminallaw.com\/wp-content\/uploads\/2022\/08\/wheel-spinning-9613346-edited-600x375.jpg 600w, https:\/\/staging-o.vistacriminallaw.com\/wp-content\/uploads\/2022\/08\/wheel-spinning-9613346-edited-768x480.jpg 768w, https:\/\/staging-o.vistacriminallaw.com\/wp-content\/uploads\/2022\/08\/wheel-spinning-9613346-edited-1200x749.jpg 1200w\" \/><\/figure>\n<\/div>\n\n\n<h3 class=\"wp-block-heading\" id=\"h-sanciones-por-cargos-por-conduccion-imprudente-en-san-diego-23103-vc\">Sanciones por cargos por conducci\u00f3n imprudente en San Diego: 23103 (VC)<\/h3>\n\n\n\n<p>Mientras que la mayor\u00eda de los delitos de conducci\u00f3n son s\u00f3lo <strong>infracciones<\/strong>que resultan en citaciones penales (multas de tr\u00e1fico), la <strong>conducci\u00f3n temeraria es un delito menor <\/strong>en California, lo que significa que usted podr\u00eda ser <strong>arrestado, obligado a pagar una multa de hasta $1000, e incluso servir tiempo en la c\u00e1rcel del condado<\/strong>. Si esto sucede, su <strong>veh\u00edculo tambi\u00e9n puede ser confiscado <\/strong>y tendr\u00e1 que pagar para recuperar su veh\u00edculo.<\/p>\n\n\n\n<p>Aunque no lo detengan despu\u00e9s de pararlo, podr\u00eda enfrentarse a una <strong>multa y a una pena de prisi\u00f3n de hasta 90 d\u00edas<\/strong>. La multa y la sentencia de c\u00e1rcel <strong>pueden aumentar <\/strong>a\u00fan m\u00e1s si tiene alg\u00fan <strong>delito anterior <\/strong>relacionado con la conducci\u00f3n en sus antecedentes penales. Adem\u00e1s, las condenas por conducci\u00f3n temeraria <strong>a\u00f1aden dos puntos a su historial de conducci\u00f3n del DMV de California<\/strong>, lo que significa que probablemente pagar\u00e1 m\u00e1s por su seguro de veh\u00edculo en el futuro. Es posible tambi\u00e9n&nbsp; <strong>perder sus privilegios de conducir <\/strong>si tiene <strong>suficientes puntos en su expediente<\/strong>.<\/p>\n\n\n\n<p><strong>Sentencias alternativas pueden ser dadas <\/strong>en algunos casos. Debido a que las penas potenciales son severas, es vital obtener un abogado de defensa criminal experto tan pronto como sea posible para obtener los mejores resultados bajo los hechos particulares y la ley de su caso. El conocimiento de su abogado de defensa criminal de las defensas, directrices de sentencia, y opciones alternativas de sentencia ser\u00e1n vitales para <strong>obtener el mejor resultado <\/strong>basado en sus circunstancias espec\u00edficas.<\/p>\n<\/div><\/div>\n\n\n\n<div style=\"height:1px\" aria-hidden=\"true\" class=\"wp-block-spacer\"><\/div>\n\n\n\n<div class=\"wp-block-group has-green-background-color has-background\"><div class=\"wp-block-group__inner-container is-layout-flow wp-block-group-is-layout-flow\">\n<h2 class=\"wp-block-heading\" id=\"h-lucha-contra-los-cargos-por-conduccion-imprudente\"><strong>Lucha contra los cargos por conducci\u00f3n imprudente<\/strong><\/h2>\n\n\n\n<p>Para ser encontrado culpable de conducci\u00f3n temeraria bajo 23103 (VC), <strong>los fiscales deben ser capaces de demostrar <\/strong>que usted estaba 1) <strong>operando un veh\u00edculo en una carretera <\/strong>o en un estacionamiento fuera de la calle y 2) con una indiferencia deliberada o gratuita por la seguridad de las personas o la propiedad.<\/p>\n\n\n\n<p>Afortunadamente, hay mucho margen de maniobra en la definici\u00f3n de \u00abuna indiferencia deliberada o gratuita por la seguridad de las personas o la propiedad.\u00bb Para demostrar su culpabilidad, el fiscal debe probar que usted era consciente de que su conducci\u00f3n presentaba un riesgo a otros o la propiedad (lo que significa que la actividad era probable que resultara en lesiones corporales o da\u00f1os a la propiedad) y que usted ignor\u00f3 el riesgo de da\u00f1o.<\/p>\n\n\n<div class=\"wp-block-image is-resized\">\n<figure class=\"aligncenter size-full\"><img loading=\"lazy\" decoding=\"async\" width=\"1530\" height=\"1024\" sizes=\"auto, (max-width: 1530px) 100vw, 1530px\" src=\"https:\/\/staging-o.vistacriminallaw.com\/wp-content\/uploads\/2021\/01\/judge-hand-with-gavel-1437513.jpg\" alt=\"Jueza golpeando el mazo\n\" class=\"wp-image-9829\" title=\"\" srcset=\"https:\/\/staging-o.vistacriminallaw.com\/wp-content\/uploads\/2021\/01\/judge-hand-with-gavel-1437513.jpg 1530w, https:\/\/staging-o.vistacriminallaw.com\/wp-content\/uploads\/2021\/01\/judge-hand-with-gavel-1437513-300x201.jpg 300w, https:\/\/staging-o.vistacriminallaw.com\/wp-content\/uploads\/2021\/01\/judge-hand-with-gavel-1437513-600x402.jpg 600w, https:\/\/staging-o.vistacriminallaw.com\/wp-content\/uploads\/2021\/01\/judge-hand-with-gavel-1437513-768x514.jpg 768w, https:\/\/staging-o.vistacriminallaw.com\/wp-content\/uploads\/2021\/01\/judge-hand-with-gavel-1437513-1536x1028.jpg 1536w, https:\/\/staging-o.vistacriminallaw.com\/wp-content\/uploads\/2021\/01\/judge-hand-with-gavel-1437513-2048x1371.jpg 2048w\" \/><\/figure>\n<\/div>\n\n\n<p>Debido a que la ley es tan espec\u00edfica sobre lo que constituye conducci\u00f3n temeraria, usted no puede ser declarado culpable simplemente por <a href=\"https:\/\/staging-o.vistacriminallaw.com\/can-you-drive-barefoot\/\">operar un veh\u00edculo sin sus zapatos<\/a>. Simplemente no hay manera de afirmar que un conductor con los pies descalzos est\u00e1 conduciendo con una indiferencia deliberada o intencional por otros o la propiedad.<\/p>\n<\/div><\/div>\n\n\n\n<div style=\"height:1px\" aria-hidden=\"true\" class=\"wp-block-spacer\"><\/div>\n\n\n\n<div class=\"wp-block-group has-light-blue-background-color has-background\"><div class=\"wp-block-group__inner-container is-layout-flow wp-block-group-is-layout-flow\">\n<h3 class=\"wp-block-heading\" id=\"h-cargos-similares-a-conduccion-imprudente\"><strong>Cargos similares a conducci\u00f3n imprudente<\/strong><\/h3>\n\n\n\n<p>Desafortunadamente, muchos individuos que se enfrentan a un cargo de conducci\u00f3n temeraria ser\u00e1n <strong>acusados de otros delitos<\/strong>, incluyendo <a href=\"https:\/\/staging-o.vistacriminallaw.com\/es\/atropello-y-fuga\/\"><strong>golpear y correr<\/strong><\/a><strong>,<\/strong><a href=\"https:\/\/staging-o.vistacriminallaw.com\/es\/atropello-y-fuga\/\"><strong>conducir bajo la influencia (DUI)<\/strong><\/a><strong>,conducci\u00f3n imprudente con presencia de alcohol, da\u00f1os a la propiedad, <\/strong><a href=\"https:\/\/staging-o.vistacriminallaw.com\/street-racing-charges-in-san-diego\/\"><strong>participaci\u00f3n en un concurso de velocidad<\/strong><\/a><strong>, lesiones a otras personas o exceso de velocidad<\/strong>.<\/p>\n\n\n\n<p>Ciertos tipos de conducci\u00f3n imprudente pueden resultar en <strong>cargos adicionales o aumentados <\/strong>en California. Por ejemplo, si un conductor va a <strong>m\u00e1s de 100 MPH <\/strong>cuando la polic\u00eda lo para, se enfrentar\u00e1 a una multa por exceso de velocidad por el <strong>cargo separado de 22348(b) (VC) <\/strong>y <strong>una suspensi\u00f3n de la licencia<\/strong>. O, si un individuo estaba <strong>conduciendo imprudentemente y caus\u00f3 un accidente <\/strong>en el que <strong>alguien result\u00f3 herido<\/strong>, <strong>podr\u00eda enfrentarse a cargos de delito grave<\/strong>.<\/p>\n\n\n<div class=\"wp-block-image is-resized\">\n<figure class=\"aligncenter size-full\"><img loading=\"lazy\" decoding=\"async\" width=\"1578\" height=\"887\" sizes=\"auto, (max-width: 1578px) 100vw, 1578px\" src=\"https:\/\/staging-o.vistacriminallaw.com\/wp-content\/uploads\/2022\/08\/pulled-over-by-police-car-13594631-1-edited-1.jpg\" alt=\"Veh\u00edculo detenido por la polic\u00eda\n\" class=\"wp-image-15573\" title=\"\" srcset=\"https:\/\/staging-o.vistacriminallaw.com\/wp-content\/uploads\/2022\/08\/pulled-over-by-police-car-13594631-1-edited-1.jpg 1578w, https:\/\/staging-o.vistacriminallaw.com\/wp-content\/uploads\/2022\/08\/pulled-over-by-police-car-13594631-1-edited-1-300x169.jpg 300w, https:\/\/staging-o.vistacriminallaw.com\/wp-content\/uploads\/2022\/08\/pulled-over-by-police-car-13594631-1-edited-1-600x337.jpg 600w, https:\/\/staging-o.vistacriminallaw.com\/wp-content\/uploads\/2022\/08\/pulled-over-by-police-car-13594631-1-edited-1-768x432.jpg 768w, https:\/\/staging-o.vistacriminallaw.com\/wp-content\/uploads\/2022\/08\/pulled-over-by-police-car-13594631-1-edited-1-1536x863.jpg 1536w, https:\/\/staging-o.vistacriminallaw.com\/wp-content\/uploads\/2022\/08\/pulled-over-by-police-car-13594631-1-edited-1-1200x675.jpg 1200w\" \/><\/figure>\n<\/div>\n\n\n<p>Si usted ha sido acusado de cualquiera de estos delitos, adem\u00e1s de la conducci\u00f3n temeraria, debe <strong>discutir <\/strong>su<strong>caso <\/strong>y los <strong>detalles que condujeron a su detenci\u00f3n con un abogado<\/strong>. Hacerlo es la mejor manera de <strong>determinar si sus derechos fueron violados <\/strong>durante la parada de tr\u00e1fico, si cumple con el est\u00e1ndar legal para la condena de los cargos espec\u00edficos y si <strong>puede calificar para un acuerdo o sentencia alternativa<\/strong>.<\/p>\n<\/div><\/div>\n<\/div>\n\n\n\n<div class=\"wp-block-column is-layout-flow wp-block-column-is-layout-flow\" style=\"flex-basis:27%\">\n<div class=\"wp-block-group sidebar-blue-border has-white-background-color has-background\"><div class=\"wp-block-group__inner-container is-layout-flow wp-block-group-is-layout-flow\">\n<h2 class=\"wp-block-heading\" id=\"h-cargos-por-conduccion-imprudente\"><strong>\u00bfCargos por conducci\u00f3n imprudente?<\/strong><\/h2>\n\n\n\n<h3 class=\"wp-block-heading\" id=\"h-puedo-ayudarle\"><strong>Puedo ayudarle<\/strong><\/h3>\n\n\n\n<figure class=\"wp-block-image size-full\"><img loading=\"lazy\" decoding=\"async\" width=\"288\" height=\"288\" sizes=\"auto, (max-width: 288px) 100vw, 288px\" src=\"https:\/\/staging-o.vistacriminallaw.com\/wp-content\/uploads\/2022\/08\/217339_180998835285907_1661859_n-edited.jpg\" alt=\"Abogado Peter Liss\n\" class=\"wp-image-15570\" title=\"\" srcset=\"https:\/\/staging-o.vistacriminallaw.com\/wp-content\/uploads\/2022\/08\/217339_180998835285907_1661859_n-edited.jpg 288w, https:\/\/staging-o.vistacriminallaw.com\/wp-content\/uploads\/2022\/08\/217339_180998835285907_1661859_n-edited-150x150.jpg 150w\" \/><\/figure>\n\n\n\n<p>Si usted ha sido acusado de conducir imprudentemente, <strong>puedo ayudarle a luchar contra los cargos<\/strong>, comenzando por <strong>mantenerlo asesorado y actualizado <\/strong>con cada paso de su caso. En las primeras etapas de su caso, voy a <strong>trabajar para reducir la fianza, investigar el asunto, reunir pruebas para apoyar su defensa y hacer mociones judiciales beneficiosas <\/strong>como <strong>suprimir las pruebas, por ejemplo<\/strong>.&nbsp;<\/p>\n\n\n\n<h3 class=\"wp-block-heading\" id=\"h-defensas-contra-la-conduccion-imprudente\"><strong>Defensas contra la conducci\u00f3n imprudente<\/strong><\/h3>\n\n\n\n<p><strong>Evaluar\u00e9 todas las posibles defensas legales<\/strong>, que podr\u00edan incluir:<\/p>\n\n\n\n<ul class=\"wp-block-list\">\n<li><strong><strong>Alegar que conduc\u00eda peligrosamente como consecuencia de una urgencia m\u00e9dica<\/strong><\/strong><\/strong><\/li>\n\n\n\n<li><strong><strong>Demostrar que no conduc\u00eda cuando la polic\u00eda par\u00f3 a su veh\u00edculo<\/strong><\/strong><\/strong><\/li>\n\n\n\n<li><strong>Demostrar que lo pararon o detuvieron indebidamente<\/strong><\/strong><\/li>\n\n\n\n<li><strong><strong>Alegar que su conducci\u00f3n no cumpl\u00eda la norma legal de \u00abtemeridad\u00bb<\/strong><\/strong><\/strong><\/li>\n\n\n\n<li><strong>Se\u00f1alar los errores cometidos por el polic\u00eda encargado de la detenci\u00f3n<\/strong><\/strong><\/li>\n<\/ul>\n\n\n<div class=\"wp-block-image\">\n<figure class=\"aligncenter\"><img loading=\"lazy\" decoding=\"async\" width=\"600\" height=\"299\" sizes=\"auto, (max-width: 2056px) 100vw, 2056px\" src=\"https:\/\/staging-o.vistacriminallaw.com\/wp-content\/uploads\/2021\/03\/shutterstock_681265648-600x299.jpg\" alt=\"Estatua de la justicia sosteniendo una balanza\n\" class=\"wp-image-10232\" title=\"\" srcset=\"https:\/\/staging-o.vistacriminallaw.com\/wp-content\/uploads\/2021\/03\/shutterstock_681265648-600x299.jpg 600w, https:\/\/staging-o.vistacriminallaw.com\/wp-content\/uploads\/2021\/03\/shutterstock_681265648-300x149.jpg 300w, https:\/\/staging-o.vistacriminallaw.com\/wp-content\/uploads\/2021\/03\/shutterstock_681265648-768x383.jpg 768w, https:\/\/staging-o.vistacriminallaw.com\/wp-content\/uploads\/2021\/03\/shutterstock_681265648-1536x765.jpg 1536w, https:\/\/staging-o.vistacriminallaw.com\/wp-content\/uploads\/2021\/03\/shutterstock_681265648-2048x1020.jpg 2048w\" \/><\/figure>\n<\/div>\n\n\n<h3 class=\"wp-block-heading\" id=\"h-dedicacion-a-la-satisfaccion-del-cliente\"><strong>Dedicaci\u00f3n a la satisfacci\u00f3n del cliente<\/strong><\/h3>\n\n\n\n<p>Despu\u00e9s de presentar su mejor defensa, <strong>lo representar\u00e9 en un acuerdo de culpabilidad o juicio<\/strong>, y si es probable que sea condenado por conducci\u00f3n temeraria, <strong>trabajar\u00e9 incansablemente para buscar una reducci\u00f3n de los cargos en su contra o buscar\u00e9 opciones alternativas de sentencia como libertad condicional, servicio comunitario o arresto domiciliario<\/strong>. Vale la pena mencionar que <strong>usted no tendr\u00e1 que aarecer antes del tribunal en mayor\u00eda de los casos, por lo cual tomar <\/strong>tiempo fuera de su trabajo no esnecesario.<\/p>\n\n\n\n<a href=\"https:\/\/staging-o.vistacriminallaw.com\/es\/pongase-en-contacto\/\" class=\"widget-button\">Estoy disponible, hablemos<\/a>\n<\/div><\/div>\n\n\n\n<div style=\"height:1px\" aria-hidden=\"true\" class=\"wp-block-spacer\"><\/div>\n\n\n\n<div class=\"wp-block-group sidebar-blue-border has-white-background-color has-background\"><div class=\"wp-block-group__inner-container is-layout-flow wp-block-group-is-layout-flow\">\n<h2 class=\"wp-block-heading\" id=\"h-comodidad-y-calidad\"><strong>Comodidad y calidad<\/strong><\/h2>\n\n\n\n<h3 class=\"wp-block-heading\" id=\"h-oficinas-en-vista-y-san-diego\"><strong>Oficinas en Vista y San Diego<\/strong><\/h3>\n\n\n\n<p>La oficina de mi <strong>bufete de abogados en Vista<\/strong> est\u00e1 justo enfrente <strong>de la c\u00e1rcel y el juzgado del norte del condado de San Diego<\/strong>. Tambi\u00e9n tengo una <strong>segunda oficina en Carmel Valley<\/strong>, justo al norte de donde las <strong>autopistas 805 y 5 se unen<\/strong>.&nbsp; Ambas oficinas ofrecen <strong>estacionamiento gratuito<\/strong>.<\/p>\n\n\n\n<h3 class=\"wp-block-heading\" id=\"h-cuando-me-necesites\"><strong>Cuando me necesites<\/strong><\/h3>\n\n\n\n<p>Llame hoy mismo para programar una <strong>consulta inicial gratuita<\/strong>. Contestamos el tel\u00e9fono<strong> las 24 horas del d\u00eda, y <\/strong>le proporcionar\u00e9 una <strong>respuesta r\u00e1pida y cort\u00e9s <\/strong>a su llamada. Sin importar el d\u00eda o la hora que necesite, p\u00f3ngase en contacto conmigo.<\/p>\n\n\n\n<h3 class=\"wp-block-heading\" id=\"h-un-toque-personal\"><strong>Un toque personal<\/strong><\/h3>\n\n\n\n<p>Como abogado defensor de conducci\u00f3n temeraria con <strong>m\u00e1s de 40 a\u00f1os de experiencia<\/strong>, he <strong>defendido personalmente a cientos de <\/strong>acusados de delitos de tr\u00e1fico en el Condado Norte de San Diego, California.&nbsp; <strong>Me encargo de cada caso que pasa por mis puertas <\/strong>de principio a fin. Desde haber obtenido mi <strong>t\u00edtulo de abogado de la Universidad de California, Berkeley<\/strong>, he <strong>defendido <\/strong>personalmente a <strong>clientes en m\u00e1s de 100 juicios con jurado<\/strong>.<\/p>\n\n\n\n<h3 class=\"wp-block-heading\" id=\"h-consultas-gratuitas\"><strong>Consultas gratuitas<\/strong><\/h3>\n\n\n\n<p>Si usted o alguien en su familia ha <strong>sido arrestado por conducci\u00f3n temeraria, p\u00f3ngase en contacto con mi oficina <\/strong>para <strong>saber c\u00f3mo puedo ayudarle en <\/strong>una consulta inicial gratuita . Proporciono <strong>representaci\u00f3n de alta calidad por una tarifa razonable <\/strong>y <strong>acepto las principales tarjetas de cr\u00e9dito<\/strong>.<\/p>\n<\/div><\/div>\n<\/div>\n<\/div>\n\n\n<div id=\"yellow-box-block_429d5f1eb505be68b833241f4a7b973e\" class=\"yellow-box call-to-action\"><h4>C\u00f3mo contactar con el abogado defensor de Vista Peter Liss<\/h4>\n<p>Para ayuda h\u00e1bil e INMEDIATA con cargos con conducci\u00f3n imprudente, por favor llame a mi oficina de abogados:<\/p>\n<div class=\"phone-holder\"><span class=\"phonecenter\"><strong><a href=\"tel:+17606434050\">(760) 643-4050<\/a><\/strong><\/span>o<span class=\"phonecenter\"><strong><a href=\"tel:+18584863024\">(858) 486-3024<\/a><\/strong><\/span><\/div><p><strong>Llame 24 horas al d\u00eda, 7 d\u00edas a la semana. Yo le puedo ayudar.<\/strong><\/p>\n<p><strong>\u00a0<\/strong><\/p>\n<\/div>\n\n\n<p><\/p>\n","protected":false},"excerpt":{"rendered":"<p>San Diego Abogado de Conducci\u00f3n Imprudente&nbsp; Si usted ha sido arrestado por conducci\u00f3n peligrosa, negligente o imprudente bajo el C\u00f3digo de Veh\u00edculos de California Secci\u00f3n 23103 (VC), yo puedo ayudarle. Soy el abogado Peter M. Liss y me dedico a casos de conducci\u00f3n imprudente en Vista y San Diego. . He llevado a cabo m\u00e1s [&hellip;]<\/p>\n","protected":false},"author":5,"featured_media":0,"parent":0,"menu_order":0,"comment_status":"closed","ping_status":"closed","template":"","meta":{"_acf_changed":false,"_genesis_hide_title":false,"_genesis_hide_breadcrumbs":false,"_genesis_hide_singular_image":false,"_genesis_hide_footer_widgets":false,"_genesis_custom_body_class":"","_genesis_custom_post_class":"","_genesis_layout":"full-width-content","_mbp_gutenberg_autopost":false,"footnotes":""},"class_list":{"0":"post-21764","1":"page","2":"type-page","3":"status-publish","5":"entry"},"acf":[],"_links":{"self":[{"href":"https:\/\/staging-o.vistacriminallaw.com\/es\/wp-json\/wp\/v2\/pages\/21764","targetHints":{"allow":["GET"]}}],"collection":[{"href":"https:\/\/staging-o.vistacriminallaw.com\/es\/wp-json\/wp\/v2\/pages"}],"about":[{"href":"https:\/\/staging-o.vistacriminallaw.com\/es\/wp-json\/wp\/v2\/types\/page"}],"author":[{"embeddable":true,"href":"https:\/\/staging-o.vistacriminallaw.com\/es\/wp-json\/wp\/v2\/users\/5"}],"replies":[{"embeddable":true,"href":"https:\/\/staging-o.vistacriminallaw.com\/es\/wp-json\/wp\/v2\/comments?post=21764"}],"version-history":[{"count":23,"href":"https:\/\/staging-o.vistacriminallaw.com\/es\/wp-json\/wp\/v2\/pages\/21764\/revisions"}],"predecessor-version":[{"id":29573,"href":"https:\/\/staging-o.vistacriminallaw.com\/es\/wp-json\/wp\/v2\/pages\/21764\/revisions\/29573"}],"wp:attachment":[{"href":"https:\/\/staging-o.vistacriminallaw.com\/es\/wp-json\/wp\/v2\/media?parent=21764"}],"curies":[{"name":"wp","href":"https:\/\/api.w.org\/{rel}","templated":true}]}}