{"id":21446,"date":"2024-02-08T15:30:01","date_gmt":"2024-02-08T23:30:01","guid":{"rendered":"https:\/\/vistacriminallaw.com\/?page_id=21446"},"modified":"2025-04-30T13:47:58","modified_gmt":"2025-04-30T20:47:58","slug":"abogado-de-san-diego","status":"publish","type":"page","link":"https:\/\/staging-o.vistacriminallaw.com\/es\/abogado-de-san-diego\/","title":{"rendered":"Abogado de San Diego Peter M. Liss"},"content":{"rendered":"\n<figure class=\"wp-block-image size-full\"><img loading=\"lazy\" decoding=\"async\" width=\"2280\" height=\"380\" sizes=\"auto, (max-width: 2280px) 100vw, 2280px\" src=\"https:\/\/staging-o.vistacriminallaw.com\/wp-content\/uploads\/2022\/06\/shorter_0010_VistaLaw_Conact2@2x-2.jpg\" alt=\"Estatuas de m\u00e1rmol y libros de cuero\n\" class=\"wp-image-14750\" title=\"\" srcset=\"https:\/\/staging-o.vistacriminallaw.com\/wp-content\/uploads\/2022\/06\/shorter_0010_VistaLaw_Conact2@2x-2.jpg 2280w, https:\/\/staging-o.vistacriminallaw.com\/wp-content\/uploads\/2022\/06\/shorter_0010_VistaLaw_Conact2@2x-2-300x50.jpg 300w, https:\/\/staging-o.vistacriminallaw.com\/wp-content\/uploads\/2022\/06\/shorter_0010_VistaLaw_Conact2@2x-2-600x100.jpg 600w, https:\/\/staging-o.vistacriminallaw.com\/wp-content\/uploads\/2022\/06\/shorter_0010_VistaLaw_Conact2@2x-2-768x128.jpg 768w, https:\/\/staging-o.vistacriminallaw.com\/wp-content\/uploads\/2022\/06\/shorter_0010_VistaLaw_Conact2@2x-2-1536x256.jpg 1536w, https:\/\/staging-o.vistacriminallaw.com\/wp-content\/uploads\/2022\/06\/shorter_0010_VistaLaw_Conact2@2x-2-2048x341.jpg 2048w, https:\/\/staging-o.vistacriminallaw.com\/wp-content\/uploads\/2022\/06\/shorter_0010_VistaLaw_Conact2@2x-2-1200x200.jpg 1200w\" \/><\/figure>\n\n\n\n<h1 class=\"wp-block-heading\" id=\"h-abogado-de-san-diego-peter-m-liss\">Abogado de San Diego Peter M. Liss<\/h1>\n\n\n\n<div class=\"wp-block-columns is-layout-flex wp-container-core-columns-is-layout-9d6595d7 wp-block-columns-is-layout-flex\">\n<div class=\"wp-block-column is-layout-flow wp-block-column-is-layout-flow\" style=\"flex-basis:70%\">\n<p>Soy <strong>Peter M. Liss, abogado<\/strong>. Puedo ayudarle si ha sido acusado de cualquier delito, incluyendo <a href=\"https:\/\/staging-o.vistacriminallaw.com\/es\/dui-abogado\/\">DUI<\/a>, <a href=\"https:\/\/staging-o.vistacriminallaw.com\/es\/abogado-de-violencia-domestica\/\">violencia dom\u00e9stica<\/a>, <a href=\"https:\/\/staging-o.vistacriminallaw.com\/es\/abogado-de-drogas\/\">delitos de cuello blanco<\/a>, <a href=\"https:\/\/staging-o.vistacriminallaw.com\/es\/san-diego-abogado-de-delitos-violentos\/\">delitos violentos<\/a>, <a href=\"https:\/\/staging-o.vistacriminallaw.com\/traffic-offense-help\/\">delitos de tr\u00e1fico<\/a>, <a href=\"https:\/\/staging-o.vistacriminallaw.com\/es\/delitos-sexuales\/\">delitos de drogas<\/a>, <a href=\"https:\/\/staging-o.vistacriminallaw.com\/es\/abogado-de-menores-de-san-diego\/\">delitos sexuales<\/a>, <a href=\"https:\/\/staging-o.vistacriminallaw.com\/es\/abogado-de-menores-de-san-diego\/\">delitos juveniles<\/a> y m\u00e1s. Aunque mi <a href=\"https:\/\/staging-o.vistacriminallaw.com\/es\/pongase-en-contacto\/\">oficina principal est\u00e1 en Vista<\/a>, aquellos en <strong>el centro de San Diego <\/strong>pueden programar <strong>consultas iniciales gratuitas <\/strong>en mi <strong>oficina de Carmel Valley <\/strong>llamando al <strong><a href=\"tel:+18584863024\">(858) 486-3024<\/a><\/strong>.<\/p>\n\n\n\n<p>Garantizo que todos los clientes recibir\u00e1n <strong>representaci\u00f3n de alta calidad a precios asequibles<\/strong>. Yo personalmente manejo cada caso que entra a trav\u00e9s de mis puertas, y mis cr\u00edticas positivas en <a href=\"http:\/\/g.page\/peter-m--liss-attorney-at-law\">Google<\/a> y <a href=\"https:\/\/www.yelp.com\/biz\/attorney-peter-m-liss-vista-5\" target=\"_blank\" rel=\"noopener\">Yelp<\/a> son un testimonio de mi <strong>dedicaci\u00f3n a la satisfacci\u00f3n del cliente<\/strong>. Por favor, ll\u00e1meme en cualquier momento para programar una consulta gratuita.<\/p>\n\n\n\n<div class=\"wp-block-group has-light-blue-background-color has-background\"><div class=\"wp-block-group__inner-container is-layout-flow wp-block-group-is-layout-flow\">\n<h2 class=\"wp-block-heading\" id=\"h-oficina-de-defensa-penal-conveniente-para-los-residentes-de-san-diego\"><strong>Oficina de Defensa Penal conveniente para los residentes de San Diego<\/strong><\/h2>\n\n\n<div class=\"wp-block-image is-resized\">\n<figure class=\"aligncenter size-full\"><img loading=\"lazy\" decoding=\"async\" width=\"2133\" height=\"1024\" sizes=\"auto, (max-width: 2133px) 100vw, 2133px\" src=\"https:\/\/staging-o.vistacriminallaw.com\/wp-content\/uploads\/2022\/07\/20220713_170613ut-scaled.jpg\" alt=\"Oficina de Abogado en Carmel Valley \n\" class=\"wp-image-15062\" title=\"\" srcset=\"https:\/\/staging-o.vistacriminallaw.com\/wp-content\/uploads\/2022\/07\/20220713_170613ut-scaled.jpg 2133w, https:\/\/staging-o.vistacriminallaw.com\/wp-content\/uploads\/2022\/07\/20220713_170613ut-300x144.jpg 300w, https:\/\/staging-o.vistacriminallaw.com\/wp-content\/uploads\/2022\/07\/20220713_170613ut-600x288.jpg 600w, https:\/\/staging-o.vistacriminallaw.com\/wp-content\/uploads\/2022\/07\/20220713_170613ut-768x369.jpg 768w, https:\/\/staging-o.vistacriminallaw.com\/wp-content\/uploads\/2022\/07\/20220713_170613ut-1536x737.jpg 1536w, https:\/\/staging-o.vistacriminallaw.com\/wp-content\/uploads\/2022\/07\/20220713_170613ut-2048x983.jpg 2048w, https:\/\/staging-o.vistacriminallaw.com\/wp-content\/uploads\/2022\/07\/20220713_170613ut-1200x576.jpg 1200w\" \/><\/figure>\n<\/div>\n\n\n<p>Si usted ha sido arrestado o acusado de un delito y vive en, o cerca de <strong>Del Mar, Solana Beach, Mira Mesa, Encinitas <\/strong>o <strong>La Jolla<\/strong>, encontrar\u00e1 que mi oficina est\u00e1 convenientemente ubicada cerca de usted, <strong>justo al lado de la autopista 5 en Carmel Valley<\/strong>. Esta oficina es tambi\u00e9n la ubicaci\u00f3n m\u00e1s conveniente para los clientes que viajan desde el centro de San Diego, South County, East County o Imperial County. Para programar una consulta en mi oficina de San Diego, por favor <strong>llame al (858) 486-3024<\/strong>. Ofrezco respuestas inmediatas 24\/7.<\/p>\n\n\n\n<p>Mis oficinas se encuentran en el Torrey Reserve Campus, justo <strong>al lado de Carmel Valley Road<\/strong>, en <strong>El Camino Real<\/strong>, que corre de norte a sur <strong>junto al lado este de la I-5<\/strong>, y justo <strong>al sur de la Ruta Estatal 56 <\/strong>(Ted Williams Parkway). La direcci\u00f3n de mi despacho de abogados en San Diego es:<\/p>\n\n\n\n<p class=\"has-text-align-center\"><strong>Peter M. Liss, Attorney At Law<\/strong><br><strong>11622 El Camino Real #100<\/strong><br><strong>San Diego, California 92130<\/strong><\/p>\n<\/div><\/div>\n\n\n\n<div class=\"wp-block-spacer\" style=\"height: 1px;\" aria-hidden=\"true\">\u00a0<\/div>\n\n\n\n<div class=\"wp-block-group has-green-background-color has-background\"><div class=\"wp-block-group__inner-container is-layout-flow wp-block-group-is-layout-flow\">\n<h3 class=\"wp-block-heading\" id=\"h-como-llegar-desde-el-sur\"><strong>C\u00f3mo llegar desde el sur<\/strong><\/h3>\n\n\n\n<p>Si viene de una zona situada al sur de Carmel Valley, como <strong>Pacific Beach, University City, Clairemont, Mission Beach, Sorrento Valley, Kearny Mesa, Linda Vista, Downtown, Point Loma, Mission Valley <\/strong>o <strong>Hillcrest<\/strong>, empiece por dirigirse <strong>hacia el norte por la I-5 <\/strong>(o la 805, que se une con la 5 justo antes de Carmel Valley), entonces:<\/p>\n\n\n\n<ul class=\"wp-block-list is-style-default\">\n<li>Tome la salida <strong>Carmel Valley Road<\/strong>, <strong>salida 33B<\/strong>, hacia la <strong>56 Este<\/strong>.<\/li>\n\n\n\n<li>Gire <strong>a la derecha <\/strong>en <strong>Carmel Valley Road<\/strong>.<\/li>\n\n\n\n<li>Gire <strong>a la derecha <\/strong>en <strong>El Camino Real<\/strong>.<\/li>\n\n\n\n<li><strong>Siga 0,4 millas <\/strong>(menos de media milla) hasta <strong>11622 El Camino Real<\/strong>.<\/li>\n\n\n\n<li>El <strong>edificio est\u00e1 a su derecha, en el <\/strong>lado oeste de la calle.<\/li>\n\n\n\n<li>El cartel de la entrada dice <strong>\u00abBarrister Executive Suites.\u00bb El estacionamiento es gratuito<\/strong>.<\/li>\n\n\n\n<li>Mis oficinas est\u00e1n en la <strong>primera planta, suite n\u00ba 100<\/strong>.<\/li>\n\n\n\n<li>La direcci\u00f3n completa es <strong>Torrey Reserve North Court<\/strong>, <strong>11622 El Camino Real, #100, San Diego, CA 92130.<\/strong><\/li>\n<\/ul>\n\n\n<div class=\"wp-block-image\">\n<figure class=\"aligncenter size-large\"><img loading=\"lazy\" decoding=\"async\" width=\"375\" height=\"500\" sizes=\"auto, (max-width: 375px) 100vw, 375px\" src=\"https:\/\/staging-o.vistacriminallaw.com\/wp-content\/uploads\/2022\/07\/20220713_171748-375x500.jpg\" alt=\"San Diego despachos de abogados penalistas\" class=\"wp-image-15063\" title=\"\" srcset=\"https:\/\/staging-o.vistacriminallaw.com\/wp-content\/uploads\/2022\/07\/20220713_171748-375x500.jpg 375w, https:\/\/staging-o.vistacriminallaw.com\/wp-content\/uploads\/2022\/07\/20220713_171748-225x300.jpg 225w, https:\/\/staging-o.vistacriminallaw.com\/wp-content\/uploads\/2022\/07\/20220713_171748-768x1024.jpg 768w, https:\/\/staging-o.vistacriminallaw.com\/wp-content\/uploads\/2022\/07\/20220713_171748-1152x1536.jpg 1152w, https:\/\/staging-o.vistacriminallaw.com\/wp-content\/uploads\/2022\/07\/20220713_171748-scaled.jpg 1200w, https:\/\/staging-o.vistacriminallaw.com\/wp-content\/uploads\/2022\/07\/20220713_171748-675x900.jpg 675w\" \/><\/figure>\n<\/div><\/div><\/div>\n\n\n\n<div class=\"wp-block-spacer\" style=\"height: 1px;\" aria-hidden=\"true\">\u00a0<\/div>\n\n\n\n<div class=\"wp-block-group has-light-blue-background-color has-background\"><div class=\"wp-block-group__inner-container is-layout-flow wp-block-group-is-layout-flow\">\n<h3 class=\"wp-block-heading\" id=\"h-como-llegar-desde-el-norte\"><strong>C\u00f3mo llegar desde el norte<\/strong><\/h3>\n\n\n\n<p>Los que se dirijan desde el norte, desde comunidades como <strong>Cardiff, Leucadia <\/strong>o <strong>Rancho Santa Fe, deber\u00e1n <\/strong>dirigirse entonces hacia <strong>el sur por la I-5<\/strong>:<\/p>\n\n\n\n<ul class=\"wp-block-list\">\n<li>Tome la salida <strong>Carmel Valley Rd<\/strong>, <strong>salida 33<\/strong>, hacia la 56 Este.<\/li>\n\n\n\n<li>Gire <strong>a la derecha <\/strong>en <strong>Carmel Valley Road<\/strong>.<\/li>\n\n\n\n<li>Gire <strong>a la derecha <\/strong>en <strong>El Camino Real<\/strong>.<\/li>\n\n\n\n<li><strong>Siga 0,4 millas <\/strong>(menos de media milla) hasta <strong>11622 El Camino Real<\/strong>.<\/li>\n\n\n\n<li>El <strong>edificio est\u00e1 a su derecha, en el <\/strong>lado oeste de la calle.<\/li>\n\n\n\n<li>El cartel de la entrada dice <strong>\u00abBarrister Executive Suites\u00bb. El aparcamiento es gratuito<\/strong>.<\/li>\n\n\n\n<li>Mis oficinas est\u00e1n en la <strong>primera planta, suite n\u00ba 100<\/strong>.<\/li>\n\n\n\n<li>La direcci\u00f3n completa es <strong>Torrey Reserve North Court<\/strong>, <strong>11622 El Camino Real, #100, San Diego, CA 92130<\/strong><\/li>\n<\/ul>\n<\/div><\/div>\n\n\n\n<div class=\"wp-block-spacer\" style=\"height: 1px;\" aria-hidden=\"true\">\u00a0<\/div>\n\n\n\n<div class=\"wp-block-group has-green-background-color has-background\"><div class=\"wp-block-group__inner-container is-layout-flow wp-block-group-is-layout-flow\">\n<h3 class=\"wp-block-heading\" id=\"h-como-llegar-desde-el-este\"><strong>C\u00f3mo llegar desde el este<\/strong><\/h3>\n\n\n\n<p>Quienes se dirijan desde zonas cercanas a la ruta estatal 56, como <strong>Rancho Bernardo, Carmel Mountain Ranch, Rancho Penaquitos, Poway, Sabre Springs <\/strong>o <strong>Mira Mesa<\/strong>, deber\u00e1n <strong>tomar la 56 Oeste<\/strong>:<\/p>\n\n\n\n<ul class=\"wp-block-list\">\n<li>Salga por El Camino Real, salida 1B.<\/li>\n\n\n\n<li>Gire <strong>a la derecha <\/strong>en <strong>El Camino Real<\/strong>.<\/li>\n\n\n\n<li><strong>Siga 0,4 millas <\/strong>(menos de media milla) hasta <strong>11622 El Camino Real<\/strong>.<\/li>\n\n\n\n<li>El <strong>edificio est\u00e1 a su derecha, en el <\/strong>lado oeste de la calle.<\/li>\n\n\n\n<li>El cartel de la entrada dice <strong>\u00abBarrister Executive Suites\u00bb. El estacionamiento es gratuito<\/strong>.<\/li>\n\n\n\n<li>Mis oficinas est\u00e1n en la <strong>primera planta, suite n\u00ba 100<\/strong>.<\/li>\n\n\n\n<li>La direcci\u00f3n completa es <strong>Torrey Reserve North Court<\/strong>, <strong>11622 El Camino Real, #100, San Diego, CA 92130.<\/strong><\/li>\n<\/ul>\n<\/div><\/div>\n\n\n\n<div class=\"wp-block-spacer\" style=\"height: 1px;\" aria-hidden=\"true\">\u00a0<\/div>\n\n\n\n<div class=\"wp-block-group has-light-blue-background-color has-background\"><div class=\"wp-block-group__inner-container is-layout-flow wp-block-group-is-layout-flow\">\n<h3 class=\"wp-block-heading\" id=\"h-para-obtener-instrucciones-mas-especificas\"><strong>Para obtener instrucciones m\u00e1s espec\u00edficas<\/strong><\/h3>\n\n\n\n<p>Haga clic en la palabra \u00abC\u00f3mo llegar\u00bb en la parte superior del mapa para obtener indicaciones desde su ubicaci\u00f3n por cortes\u00eda de Google Maps:<\/p>\n\n\n\n<p><iframe loading=\"lazy\" title=\"Google Map of Peter M. Liss, Attorney at Law, San Diego, CA\" src=\"https:\/\/www.google.com\/maps?f=q&amp;source=s_q&amp;hl=en&amp;geocode=&amp;q=Peter+M.+Liss,+Attorney+at+Law+(DUI+Attorney),+El+Camino+Real,+San+Diego,+CA&amp;aq=0&amp;oq=P&amp;sll=28.903061,-81.991056&amp;sspn=0.203177,0.33062&amp;t=h&amp;ie=UTF8&amp;hq=&amp;hnear=&amp;ll=32.928419,-117.238674&amp;spn=0.006295,0.006295&amp;iwloc=A&amp;output=embed\" width=\"500\" height=\"400\" frameborder=\"0\" marginwidth=\"0\" marginheight=\"0\" scrolling=\"No\">\n  Ver el mapa<\/iframe><\/p>\n<\/div><\/div>\n<\/div>\n\n\n\n<div class=\"wp-block-column is-layout-flow wp-block-column-is-layout-flow\" style=\"flex-basis:27%\">\n<div class=\"wp-block-group sidebar-blue-border has-white-background-color has-background\"><div class=\"wp-block-group__inner-container is-layout-flow wp-block-group-is-layout-flow\">\n<h2 class=\"wp-block-heading\" id=\"h-mejor-abogado-en-san-diego\"><strong>Mejor abogado en San Diego<\/strong><\/h2>\n\n\n\n<h3 class=\"wp-block-heading\" id=\"h-llame-hoy-a-mis-oficinas\"><strong>Llame hoy a mis oficinas<\/strong><\/h3>\n\n\n\n<figure class=\"wp-block-image size-full\"><img loading=\"lazy\" decoding=\"async\" width=\"288\" height=\"432\" sizes=\"auto, (max-width: 288px) 100vw, 288px\" src=\"https:\/\/staging-o.vistacriminallaw.com\/wp-content\/uploads\/2022\/08\/217339_180998835285907_1661859_n-7.jpg\" alt=\"Abogado Peter Liss\n\" class=\"wp-image-15750\" title=\"\" srcset=\"https:\/\/staging-o.vistacriminallaw.com\/wp-content\/uploads\/2022\/08\/217339_180998835285907_1661859_n-7.jpg 288w, https:\/\/staging-o.vistacriminallaw.com\/wp-content\/uploads\/2022\/08\/217339_180998835285907_1661859_n-7-200x300.jpg 200w\" \/><\/figure>\n\n\n\n<p>He representado a clientes en los tribunales penales de San Diego durante los <strong>\u00faltimos 40 a\u00f1os<\/strong>. Empec\u00e9 mi carrera en la oficina del defensor p\u00fablico, abri\u00e9ndome el camino hasta llegar a ser <strong>Asistente de Supervisi\u00f3n Defensor P\u00fablico de la Oficina de Vista <\/strong>antes de abrir una pr\u00e1ctica de defensa privada en 1998.<\/p>\n\n\n\n<h3 class=\"wp-block-heading\"><strong>Estoy reparado<\/strong><\/strong><\/h3>\n\n\n\n<p>A trav\u00e9s de los a\u00f1os, he <strong>desarrollado una excelente reputaci\u00f3n dentro<\/strong> de la comunidad de defensa criminal. <strong>He manejado numerosos <\/strong><a href=\"https:\/\/staging-o.vistacriminallaw.com\/case-results\/\"><strong>casos de alto perfil<\/strong><\/a> y ganado <strong>calificaciones casi perfectas en <\/strong><a href=\"https:\/\/www.avvo.com\/attorneys\/92081-ca-peter-liss-23489.html\" target=\"_blank\" rel=\"noopener\"><strong>AVVO<\/strong><\/a><strong>, <\/strong><a href=\"https:\/\/www.yelp.com\/biz\/attorney-peter-m-liss-vista-5\" target=\"_blank\" rel=\"noopener\"><strong>Yelp<\/strong><\/a><strong> y <\/strong><a href=\"https:\/\/g.page\/VistaCriminalLawyer\"><strong>Google<\/strong><\/a>. <strong>Los fiscales, los jueces y la polic\u00eda me respetan <\/strong>porque soy un negociador fuerte pero justo. <strong>Los <\/strong><a href=\"https:\/\/staging-o.vistacriminallaw.com\/peter-liss-news-source\/\"><strong>medios de comunicaci\u00f3n locales y nacionales con frecuencia me contactan cuando necesitan una fuente legal bien informada<\/strong><\/a>.\u00a0<\/p>\n\n\n\n<h3 class=\"wp-block-heading\"><strong>Yo tambi\u00e9n puedo ayudarlo<\/strong><\/strong><\/h3>\n\n\n\n<p>Ofrezco a todos mis clientes <strong>representaci\u00f3n de alta calidad a precios asequibles<\/strong>. Porque s\u00e9 que no todo el mundo tiene el dinero para un abogado a la mano, <strong>acepto las principales tarjetas de cr\u00e9dito<\/strong>. Usted puede aprender m\u00e1s mediante la programaci\u00f3n de una consulta inicial gratuita en mi oficina de Carmel Valley, convenientemente <strong>cerca de muchas zonas populares como Del Mar, La Jolla, Mission Beach, Mission Valley y Pacific Beach<\/strong>.<\/p>\n\n\n\n<h3 class=\"wp-block-heading\" id=\"h-disponible-24-horas-al-dia-7-dias-a-la-semana\"><strong>Disponible 24 horas al d\u00eda, 7 d\u00edas a la semana<\/strong><\/h3>\n\n\n\n<p>Mis servicios de respuesta <strong>&nbsp;aseguran mi disponibilidad siempre que me necesite<\/strong>. Le devolver\u00e9 la llamada r\u00e1pidamente porque <strong>comprendo lo intimidante que puede ser enfrentarse cargos criminales <\/strong>sin alguien apoy\u00e1ndolo. Si usted est\u00e1 enfrentando un cargo de armas en Mira Mesa o un DUI en Mission Beach, usted necesita <strong>contratar a un abogado experto tan pronto como sea posible. Llame a mis oficinas de San Diego hoy al (858) 486-3024.<\/strong><\/p>\n<\/div><\/div>\n<\/div>\n<\/div>\n\n\n<div id=\"yellow-box-block_9090e5c327526c67e9590d2614114cdd\" class=\"yellow-box call-to-action\"><h4><b>C\u00f3mo contactar\u00a0 defensor de Vista, Peter Liss<\/b><\/h4>\n<p>Para ayuda h\u00e1bil, INMEDIATA de cargos en La Jolla, Del Mar,<br \/>\no el resto de San Diego, por favor llame a mi oficina de abogados:<\/p>\n<div class=\"phone-holder\"><span class=\"phonecenter\"><strong><a href=\"tel:+17606434050\">(760) 643-4050<\/a><\/strong><\/span>o<span class=\"phonecenter\"><strong><a href=\"tel:+18584863024\">(858) 486-3024<\/a><\/strong><\/span><\/div><p><strong>Llame 24 horas al d\u00eda, 7 d\u00edas a la semana. Yo le puedo ayudar.<\/strong><\/p>\n<\/div>\n\n\n<p>&nbsp;<\/p>\n","protected":false},"excerpt":{"rendered":"<p>Abogado de San Diego Peter M. Liss Soy Peter M. Liss, abogado. Puedo ayudarle si ha sido acusado de cualquier delito, incluyendo DUI, violencia dom\u00e9stica, delitos de cuello blanco, delitos violentos, delitos de tr\u00e1fico, delitos de drogas, delitos sexuales, delitos juveniles y m\u00e1s. Aunque mi oficina principal est\u00e1 en Vista, aquellos en el centro de [&hellip;]<\/p>\n","protected":false},"author":5,"featured_media":0,"parent":0,"menu_order":0,"comment_status":"closed","ping_status":"closed","template":"","meta":{"_acf_changed":false,"_genesis_hide_title":false,"_genesis_hide_breadcrumbs":false,"_genesis_hide_singular_image":false,"_genesis_hide_footer_widgets":false,"_genesis_custom_body_class":"","_genesis_custom_post_class":"","_genesis_layout":"full-width-content","_mbp_gutenberg_autopost":false,"footnotes":""},"class_list":{"0":"post-21446","1":"page","2":"type-page","3":"status-publish","5":"entry"},"acf":[],"_links":{"self":[{"href":"https:\/\/staging-o.vistacriminallaw.com\/es\/wp-json\/wp\/v2\/pages\/21446","targetHints":{"allow":["GET"]}}],"collection":[{"href":"https:\/\/staging-o.vistacriminallaw.com\/es\/wp-json\/wp\/v2\/pages"}],"about":[{"href":"https:\/\/staging-o.vistacriminallaw.com\/es\/wp-json\/wp\/v2\/types\/page"}],"author":[{"embeddable":true,"href":"https:\/\/staging-o.vistacriminallaw.com\/es\/wp-json\/wp\/v2\/users\/5"}],"replies":[{"embeddable":true,"href":"https:\/\/staging-o.vistacriminallaw.com\/es\/wp-json\/wp\/v2\/comments?post=21446"}],"version-history":[{"count":35,"href":"https:\/\/staging-o.vistacriminallaw.com\/es\/wp-json\/wp\/v2\/pages\/21446\/revisions"}],"predecessor-version":[{"id":31384,"href":"https:\/\/staging-o.vistacriminallaw.com\/es\/wp-json\/wp\/v2\/pages\/21446\/revisions\/31384"}],"wp:attachment":[{"href":"https:\/\/staging-o.vistacriminallaw.com\/es\/wp-json\/wp\/v2\/media?parent=21446"}],"curies":[{"name":"wp","href":"https:\/\/api.w.org\/{rel}","templated":true}]}}